{"id":50,"date":"2015-08-09T15:20:43","date_gmt":"2015-08-09T13:20:43","guid":{"rendered":"http:\/\/192.168.11.12\/html\/wordpress\/?page_id=50"},"modified":"2015-08-09T15:42:23","modified_gmt":"2015-08-09T13:42:23","slug":"geschichte-bis-1986","status":"publish","type":"page","link":"http:\/\/www.wohnsturm.de\/index.php\/geschichte-bis-1986\/","title":{"rendered":"Geschichte bis 1986"},"content":{"rendered":"<div id='gallery-1' class='gallery galleryid-50 gallery-columns-2 gallery-size-thumbnail'><figure class='gallery-item'>\n\t\t\t<div class='gallery-icon portrait'>\n\t\t\t\t<a href='http:\/\/www.wohnsturm.de\/wp-content\/uploads\/2015\/08\/1.jpg'><img width=\"97\" height=\"150\" src=\"http:\/\/www.wohnsturm.de\/wp-content\/uploads\/2015\/08\/1.jpg\" class=\"attachment-thumbnail size-thumbnail\" alt=\"\" loading=\"lazy\" \/><\/a>\n\t\t\t<\/div><\/figure><figure class='gallery-item'>\n\t\t\t<div class='gallery-icon portrait'>\n\t\t\t\t<a href='http:\/\/www.wohnsturm.de\/wp-content\/uploads\/2015\/08\/4.jpg'><img width=\"106\" height=\"150\" src=\"http:\/\/www.wohnsturm.de\/wp-content\/uploads\/2015\/08\/4.jpg\" class=\"attachment-thumbnail size-thumbnail\" alt=\"\" loading=\"lazy\" \/><\/a>\n\t\t\t<\/div><\/figure>\n\t\t<\/div>\n\n<p><strong>1949<\/strong><br \/>\nziehen Franz und Katharina nach Aschheim. Aus einem alten Stadel mit Kartoffelkeller wird mit viel Arbeit, Improvisationskunst und M\u00fche ein Wohngeb\u00e4ude mit Wagnerei-Schreinerei.<\/p>\n<p><strong>1961<\/strong><br \/>\nwird Josef als neuntes von 10 Kindern geboren.<\/p>\n<p><strong>1986<\/strong><br \/>\nJosef Sturm und Gaby Obermeier heiraten, ihr erster Sohn Sebastian wird geboren. Josef Sturm legt die Meisterpr\u00fcfung im Schreinerhandwerk ab. Die Br\u00fcder und jungen Schreinermeister Andreas und Josef \u00fcbernehmen die Schreinerei ihres Vaters<\/p>\n<p style=\"text-align: justify;\">\n","protected":false},"excerpt":{"rendered":"<p>1949 ziehen Franz und Katharina nach Aschheim. Aus einem alten Stadel mit Kartoffelkeller wird mit viel Arbeit, Improvisationskunst und M\u00fche ein Wohngeb\u00e4ude mit Wagnerei-Schreinerei. 1961 wird Josef als neuntes von 10 Kindern geboren. 1986 Josef Sturm und Gaby Obermeier heiraten, ihr erster Sohn Sebastian wird geboren. Josef Sturm legt die Meisterpr\u00fcfung im Schreinerhandwerk ab. Die &hellip; <a href=\"http:\/\/www.wohnsturm.de\/index.php\/geschichte-bis-1986\/\" class=\"more-link\"><span class=\"screen-reader-text\">Geschichte bis 1986<\/span> weiterlesen <span class=\"meta-nav\">&rarr;<\/span><\/a><\/p>\n","protected":false},"author":1,"featured_media":0,"parent":0,"menu_order":0,"comment_status":"open","ping_status":"open","template":"","meta":[],"_links":{"self":[{"href":"http:\/\/www.wohnsturm.de\/index.php\/wp-json\/wp\/v2\/pages\/50"}],"collection":[{"href":"http:\/\/www.wohnsturm.de\/index.php\/wp-json\/wp\/v2\/pages"}],"about":[{"href":"http:\/\/www.wohnsturm.de\/index.php\/wp-json\/wp\/v2\/types\/page"}],"author":[{"embeddable":true,"href":"http:\/\/www.wohnsturm.de\/index.php\/wp-json\/wp\/v2\/users\/1"}],"replies":[{"embeddable":true,"href":"http:\/\/www.wohnsturm.de\/index.php\/wp-json\/wp\/v2\/comments?post=50"}],"version-history":[{"count":10,"href":"http:\/\/www.wohnsturm.de\/index.php\/wp-json\/wp\/v2\/pages\/50\/revisions"}],"predecessor-version":[{"id":56,"href":"http:\/\/www.wohnsturm.de\/index.php\/wp-json\/wp\/v2\/pages\/50\/revisions\/56"}],"wp:attachment":[{"href":"http:\/\/www.wohnsturm.de\/index.php\/wp-json\/wp\/v2\/media?parent=50"}],"curies":[{"name":"wp","href":"https:\/\/api.w.org\/{rel}","templated":true}]}}