{"id":37,"date":"2015-08-09T15:13:07","date_gmt":"2015-08-09T13:13:07","guid":{"rendered":"http:\/\/192.168.11.12\/html\/wordpress\/?page_id=37"},"modified":"2015-08-09T15:13:07","modified_gmt":"2015-08-09T13:13:07","slug":"dienstleistungen","status":"publish","type":"page","link":"http:\/\/www.wohnsturm.de\/index.php\/dienstleistungen\/","title":{"rendered":"Dienstleistungen"},"content":{"rendered":"<p><strong>Aufzugschutzverkleidungen<\/strong> &#8211; Sch\u00fctzen Sie w\u00e4hrend des Umzugs ihre Aufzugskabine , wir liefern ihnen eine Schutzverkleidung aus Holz<\/p>\n<p><strong>M\u00f6belmontageservice<\/strong><\/p>\n<p><strong>Fensterwartung und Reparaturen<\/strong><\/p>\n<p><strong>Wartung von Brandschutzt\u00fcren<\/strong><\/p>\n<p><strong>\u00c4nderung von M\u00f6bel bei Umz\u00fcgen<\/strong> &#8211; zum Beispiel: K\u00fcchenumbau,B\u00fcroumbau und vieles mehr&#8230;<\/p>\n<p><strong>Versicherungssch\u00e4den<\/strong> &#8211; zum Beispiel: Wasser,Einbruch,Umzug,Unwettersch\u00e4den<\/p>\n","protected":false},"excerpt":{"rendered":"<p>Aufzugschutzverkleidungen &#8211; Sch\u00fctzen Sie w\u00e4hrend des Umzugs ihre Aufzugskabine , wir liefern ihnen eine Schutzverkleidung aus Holz M\u00f6belmontageservice Fensterwartung und Reparaturen Wartung von Brandschutzt\u00fcren \u00c4nderung von M\u00f6bel bei Umz\u00fcgen &#8211; zum Beispiel: K\u00fcchenumbau,B\u00fcroumbau und vieles mehr&#8230; Versicherungssch\u00e4den &#8211; zum Beispiel: Wasser,Einbruch,Umzug,Unwettersch\u00e4den<\/p>\n","protected":false},"author":1,"featured_media":0,"parent":0,"menu_order":0,"comment_status":"open","ping_status":"open","template":"","meta":[],"_links":{"self":[{"href":"http:\/\/www.wohnsturm.de\/index.php\/wp-json\/wp\/v2\/pages\/37"}],"collection":[{"href":"http:\/\/www.wohnsturm.de\/index.php\/wp-json\/wp\/v2\/pages"}],"about":[{"href":"http:\/\/www.wohnsturm.de\/index.php\/wp-json\/wp\/v2\/types\/page"}],"author":[{"embeddable":true,"href":"http:\/\/www.wohnsturm.de\/index.php\/wp-json\/wp\/v2\/users\/1"}],"replies":[{"embeddable":true,"href":"http:\/\/www.wohnsturm.de\/index.php\/wp-json\/wp\/v2\/comments?post=37"}],"version-history":[{"count":1,"href":"http:\/\/www.wohnsturm.de\/index.php\/wp-json\/wp\/v2\/pages\/37\/revisions"}],"predecessor-version":[{"id":38,"href":"http:\/\/www.wohnsturm.de\/index.php\/wp-json\/wp\/v2\/pages\/37\/revisions\/38"}],"wp:attachment":[{"href":"http:\/\/www.wohnsturm.de\/index.php\/wp-json\/wp\/v2\/media?parent=37"}],"curies":[{"name":"wp","href":"https:\/\/api.w.org\/{rel}","templated":true}]}}