{"id":33,"date":"2015-08-09T15:12:19","date_gmt":"2015-08-09T13:12:19","guid":{"rendered":"http:\/\/192.168.11.12\/html\/wordpress\/?page_id=33"},"modified":"2021-04-27T17:32:31","modified_gmt":"2021-04-27T15:32:31","slug":"impressum","status":"publish","type":"page","link":"http:\/\/www.wohnsturm.de\/index.php\/impressum\/","title":{"rendered":"Impressum"},"content":{"rendered":"<p><strong>Wohnsturm GmbH<\/strong><\/p>\n<p>Gesch\u00e4ftsf\u00fchrer:<\/p>\n<p>Josef Sturm<br \/>\nHofstattstra\u00dfe 21<br \/>\n85609 Aschheim<\/p>\n<p>Telefon: +49 089\/9035452<br \/>\nTelefax: +49 089\/9044946<br \/>\nE-Mail: <a href=\"mailto:info@wohnsturm.de\">info@wohnsturm.de<\/a><br \/>\nInternet: <a href=\"http:\/\/www.wohnsturm.de\/\" target=\"_blank\" rel=\"noopener noreferrer\">www.wohnsturm.de<\/a><\/p>\n<p>Steuernummer 14382739442<br \/>\nRegistergericht: Amtsgericht M\u00fcnchen<br \/>\nRegisternummer: HRB 121712<\/p>\n<p>Umsatzsteuer-Identifikationsnummer gem\u00e4\u00df \u00a7 27 a Umsatzsteuergesetz: DE 191616881<\/p>\n<p>Haftungshinweis: Trotz sorgf\u00e4ltiger inhaltlicher Kontrolle \u00fcbernehmen wir keine<br \/>\nHaftung f\u00fcr die Inhalte externer Links. F\u00fcr den Inhalt der verlinkten Seiten sind<br \/>\nausschlie\u00dflich deren Betreiber verantwortlich.<\/p>\n","protected":false},"excerpt":{"rendered":"<p>Wohnsturm GmbH Gesch\u00e4ftsf\u00fchrer: Josef Sturm Hofstattstra\u00dfe 21 85609 Aschheim Telefon: +49 089\/9035452 Telefax: +49 089\/9044946 E-Mail: info@wohnsturm.de Internet: www.wohnsturm.de Steuernummer 14382739442 Registergericht: Amtsgericht M\u00fcnchen Registernummer: HRB 121712 Umsatzsteuer-Identifikationsnummer gem\u00e4\u00df \u00a7 27 a Umsatzsteuergesetz: DE 191616881 Haftungshinweis: Trotz sorgf\u00e4ltiger inhaltlicher Kontrolle \u00fcbernehmen wir keine Haftung f\u00fcr die Inhalte externer Links. F\u00fcr den Inhalt der verlinkten Seiten &hellip; <a href=\"http:\/\/www.wohnsturm.de\/index.php\/impressum\/\" class=\"more-link\"><span class=\"screen-reader-text\">Impressum<\/span> weiterlesen <span class=\"meta-nav\">&rarr;<\/span><\/a><\/p>\n","protected":false},"author":1,"featured_media":0,"parent":0,"menu_order":0,"comment_status":"open","ping_status":"open","template":"","meta":[],"_links":{"self":[{"href":"http:\/\/www.wohnsturm.de\/index.php\/wp-json\/wp\/v2\/pages\/33"}],"collection":[{"href":"http:\/\/www.wohnsturm.de\/index.php\/wp-json\/wp\/v2\/pages"}],"about":[{"href":"http:\/\/www.wohnsturm.de\/index.php\/wp-json\/wp\/v2\/types\/page"}],"author":[{"embeddable":true,"href":"http:\/\/www.wohnsturm.de\/index.php\/wp-json\/wp\/v2\/users\/1"}],"replies":[{"embeddable":true,"href":"http:\/\/www.wohnsturm.de\/index.php\/wp-json\/wp\/v2\/comments?post=33"}],"version-history":[{"count":3,"href":"http:\/\/www.wohnsturm.de\/index.php\/wp-json\/wp\/v2\/pages\/33\/revisions"}],"predecessor-version":[{"id":223,"href":"http:\/\/www.wohnsturm.de\/index.php\/wp-json\/wp\/v2\/pages\/33\/revisions\/223"}],"wp:attachment":[{"href":"http:\/\/www.wohnsturm.de\/index.php\/wp-json\/wp\/v2\/media?parent=33"}],"curies":[{"name":"wp","href":"https:\/\/api.w.org\/{rel}","templated":true}]}}